{"id":36,"date":"2023-02-09T10:44:06","date_gmt":"2023-02-09T13:44:06","guid":{"rendered":"https:\/\/pentex.com.br\/loja\/?page_id=36"},"modified":"2023-02-09T10:44:06","modified_gmt":"2023-02-09T13:44:06","slug":"entregas-e-fretes","status":"publish","type":"page","link":"https:\/\/pentex.com.br\/loja\/entregas-e-fretes\/","title":{"rendered":"Entregas e Fretes"},"content":{"rendered":"\n<h2 class=\"wp-block-heading\">Prazo de entrega<\/h2>\n\n\n\n<p>O prazo de entrega depende da localiza\u00e7\u00e3o conforme descrito abaixo:<\/p>\n\n\n\n<h2 class=\"wp-block-heading\">Entregas e Fretes<\/h2>\n\n\n\n<p>As entregas da Pentex s\u00e3o realizadas pelos Correios, onde o cliente pode escolher por PAC ou SEDEX e o custo \u00e9 pago pelo comprador na finaliza\u00e7\u00e3o de compra.<\/p>\n\n\n\n<p>SP, RJ, PR, MG, DF, GO \u2013 10 Dias \u00fateis<br>AL, BA, CE, ES, MS, RS, SC \u2013 15 Dias \u00fateis.<br>MT, PA, PB, PE, RN, SE, TO \u2013 18 Dias \u00fateis.<br>AP, MA, PI \u2013 25 Dias \u00fateis.<br>AC, AM, RO, RR \u2013 35 Dias \u00fateis.<br><em>Dados informados mediante consulta feita em transportadora, com varia\u00e7\u00e3o para mais ou menos dias<\/em><\/p>\n\n\n\n<h2 class=\"wp-block-heading\">Prazo de produ\u00e7\u00e3o<\/h2>\n\n\n\n<p>\u2013 Envio imediato + Entrega (frete).<\/p>\n\n\n\n<p>N\u00e3o esque\u00e7a. Come\u00e7amos a contar a data da entrega a partir da data de confirma\u00e7\u00e3o de pagamento do seu pedido pela institui\u00e7\u00e3o financeira ou compensa\u00e7\u00e3o de seu boleto banc\u00e1rio e ap\u00f3s a confirma\u00e7\u00e3o dos seus dados cadastrais.<\/p>\n\n\n\n<p>No caso de pagamento via boleto banc\u00e1rio, o prazo de confirma\u00e7\u00e3o pode levar at\u00e9 2 dias \u00fateis.<\/p>\n\n\n\n<p>Alguns fatores clim\u00e1ticos ou situa\u00e7\u00f5es adversas podem interferir na entrega de suas compras. Nesses casos, verifique se ocorreram greves, paralisa\u00e7\u00f5es ou acidentes em sua localidade.<\/p>\n\n\n\n<h2 class=\"wp-block-heading\">Regras e Restri\u00e7\u00f5es de Entrega<\/h2>\n\n\n\n<p>As entregas s\u00e3o realizadas de segunda a sexta das 9h \u00e0s 18h, exceto feriados.<\/p>\n\n\n\n<p>Locais de destino com baixa popula\u00e7\u00e3o, de dif\u00edcil acesso ou distantes das capitais podem necessitar de mais prazo para a entrega ou serem retirados na ag\u00eancia dos Correios mais pr\u00f3xima.<\/p>\n\n\n\n<p>Locais de destino sujeito a prazo diferenciado pelos Correios, com possibilidade de acr\u00e9scimo de at\u00e9 4 dias \u00fateis para a entrega ou serem retirados na ag\u00eancia dos Correios mais pr\u00f3xima. As entregas s\u00e3o realizadas apenas dentro do territ\u00f3rio nacional.<\/p>\n\n\n\n<p>N\u00e3o haver\u00e1 reembolso do frete ao cliente em caso de uma segunda troca dos mesmos produtos ou pedido.<\/p>\n\n\n\n<p>Em caso de d\u00favidas ou esclarecimentos, por favor, contate nosso servi\u00e7o de Atendimento ao Cliente do P\u00f3s Venda atrav\u00e9s do WhatsApp (19) 98892.0796 ou contato@pentex.com.br<\/p>\n\n\n\n<h2 class=\"wp-block-heading\">Aus\u00eancia no Momento da Entrega ou Endere\u00e7o Incorreto<\/h2>\n\n\n\n<p>Para o sucesso de sua entrega, \u00e9 imprescind\u00edvel que as informa\u00e7\u00f5es de endere\u00e7o e telefone do seu cadastro estejam atualizadas. No caso de insucesso de entrega provocado por cliente ausente, dados cadastrais incorretos ou mudan\u00e7a de endere\u00e7o, o pedido ser\u00e1 devolvido a nossa central de distribui\u00e7\u00e3o, e o valor do reenvio ser\u00e1 cobrado do cliente.<\/p>\n\n\n\n<h2 class=\"wp-block-heading\">Acompanhamento do Pedido<\/h2>\n\n\n\n<p>Voc\u00ea pode acompanhar o seu pedido acessando a Sua Conta em Pedidos. Voc\u00ea tamb\u00e9m receber\u00e1 no email cadastrado o c\u00f3digo de rastreio.<\/p>\n\n\n\n<p>A informa\u00e7\u00e3o do status de entrega estar\u00e1 dispon\u00edvel no site da transportadora um dia ap\u00f3s o envio do e-mail.<\/p>\n\n\n\n<p>Alguns pedidos s\u00e3o embalados em mais de uma caixa. Nesses casos, cada caixa ter\u00e1 um n\u00famero de postagem diferente para acompanhamento de entrega.<\/p>\n\n\n\n<h2 class=\"wp-block-heading\">Hist\u00f3rico do Pedido<\/h2>\n\n\n\n<p>Para consultar os pedidos que voc\u00ea realizou no passado, v\u00e1 para \u00e1rea de sua Conta.<\/p>\n\n\n\n<p>Voc\u00ea dever\u00e1 iniciar uma sess\u00e3o com seu nome de usu\u00e1rio e senha.<\/p>\n","protected":false},"excerpt":{"rendered":"<p>Prazo de entrega O prazo de entrega depende da localiza\u00e7\u00e3o conforme descrito abaixo: Entregas e Fretes As entregas da Pentex s\u00e3o realizadas pelos Correios, onde o cliente pode escolher por PAC ou SEDEX e o custo \u00e9 pago pelo comprador na finaliza\u00e7\u00e3o de compra. SP, RJ, PR, MG, DF, GO \u2013 10 Dias \u00fateisAL, BA, [&hellip;]<\/p>\n","protected":false},"author":1,"featured_media":0,"parent":0,"menu_order":0,"comment_status":"closed","ping_status":"closed","template":"","meta":{"footnotes":""},"class_list":["post-36","page","type-page","status-publish","hentry"],"jetpack_sharing_enabled":true,"_links":{"self":[{"href":"https:\/\/pentex.com.br\/loja\/wp-json\/wp\/v2\/pages\/36","targetHints":{"allow":["GET"]}}],"collection":[{"href":"https:\/\/pentex.com.br\/loja\/wp-json\/wp\/v2\/pages"}],"about":[{"href":"https:\/\/pentex.com.br\/loja\/wp-json\/wp\/v2\/types\/page"}],"author":[{"embeddable":true,"href":"https:\/\/pentex.com.br\/loja\/wp-json\/wp\/v2\/users\/1"}],"replies":[{"embeddable":true,"href":"https:\/\/pentex.com.br\/loja\/wp-json\/wp\/v2\/comments?post=36"}],"version-history":[{"count":1,"href":"https:\/\/pentex.com.br\/loja\/wp-json\/wp\/v2\/pages\/36\/revisions"}],"predecessor-version":[{"id":37,"href":"https:\/\/pentex.com.br\/loja\/wp-json\/wp\/v2\/pages\/36\/revisions\/37"}],"wp:attachment":[{"href":"https:\/\/pentex.com.br\/loja\/wp-json\/wp\/v2\/media?parent=36"}],"curies":[{"name":"wp","href":"https:\/\/api.w.org\/{rel}","templated":true}]}}