{"id":40,"date":"2023-02-09T10:53:23","date_gmt":"2023-02-09T13:53:23","guid":{"rendered":"https:\/\/pentex.com.br\/loja\/?page_id=40"},"modified":"2023-02-09T10:53:23","modified_gmt":"2023-02-09T13:53:23","slug":"politicas-de-reembolso","status":"publish","type":"page","link":"https:\/\/pentex.com.br\/loja\/politicas-de-reembolso\/","title":{"rendered":"Politicas de Reembolso"},"content":{"rendered":"\n<p>Para solicitar reembolso por defeitos, trocas ou desist\u00eancia, entrar em contato via e-mail e detalhar o ocorrido para <a href=\"mailto:contato@pentex.com.br\">contato@pentex.com.br<\/a><\/p>\n\n\n\n<p>Ap\u00f3s o recebimento do produto na loja, passar\u00e1 por an\u00e1lise o valor ser\u00e1 reembolsado conforme segue:<\/p>\n\n\n\n<p>Trocas e Reembolso: Ap\u00f3s o recebimento do produto na loja, avaliar e verificar o ocorrido, o valor ser\u00e1 reembolsado conforme segue.<\/p>\n\n\n\n<p>Cart\u00e3o de Cr\u00e9dito: estorno no cart\u00e3o diretamente pela institui\u00e7\u00e3o financeira<br>Boleto: transfer\u00eancia banc\u00e1ria agendada<br>Pix: transfer\u00eancia banc\u00e1ria agendada<\/p>\n\n\n\n<h2 class=\"wp-block-heading\">Regras<\/h2>\n\n\n\n<p><br>O cliente tem o prazo de at\u00e9 15 dias \u00fateis ap\u00f3s o recebimento do pedido conforme Artigo 49 do C\u00f3digo de Defesa do Consumidor, mediante apresenta\u00e7\u00e3o da nota fiscal (N\u00c3O TROCAMOS SEM A APRESENTA\u00c7\u00c3O DO MESMO), por defeitos, trocas ou desist\u00eancia. N\u00e3o aceitamos trocas ap\u00f3s o produto ter sido lavado ou avariado.<\/p>\n\n\n\n<p>N\u00e3o aceitamos troca\/devolu\u00e7\u00e3o se o produto tiver ind\u00edcios de uso ou se o cliente comprou tamanho, quantidade e cor errada ap\u00f3s o tecido ter sido cortado.<\/p>\n","protected":false},"excerpt":{"rendered":"<p>Para solicitar reembolso por defeitos, trocas ou desist\u00eancia, entrar em contato via e-mail e detalhar o ocorrido para contato@pentex.com.br Ap\u00f3s o recebimento do produto na loja, passar\u00e1 por an\u00e1lise o valor ser\u00e1 reembolsado conforme segue: Trocas e Reembolso: Ap\u00f3s o recebimento do produto na loja, avaliar e verificar o ocorrido, o valor ser\u00e1 reembolsado conforme [&hellip;]<\/p>\n","protected":false},"author":1,"featured_media":0,"parent":0,"menu_order":0,"comment_status":"closed","ping_status":"closed","template":"","meta":{"footnotes":""},"class_list":["post-40","page","type-page","status-publish","hentry"],"jetpack_sharing_enabled":true,"_links":{"self":[{"href":"https:\/\/pentex.com.br\/loja\/wp-json\/wp\/v2\/pages\/40","targetHints":{"allow":["GET"]}}],"collection":[{"href":"https:\/\/pentex.com.br\/loja\/wp-json\/wp\/v2\/pages"}],"about":[{"href":"https:\/\/pentex.com.br\/loja\/wp-json\/wp\/v2\/types\/page"}],"author":[{"embeddable":true,"href":"https:\/\/pentex.com.br\/loja\/wp-json\/wp\/v2\/users\/1"}],"replies":[{"embeddable":true,"href":"https:\/\/pentex.com.br\/loja\/wp-json\/wp\/v2\/comments?post=40"}],"version-history":[{"count":1,"href":"https:\/\/pentex.com.br\/loja\/wp-json\/wp\/v2\/pages\/40\/revisions"}],"predecessor-version":[{"id":41,"href":"https:\/\/pentex.com.br\/loja\/wp-json\/wp\/v2\/pages\/40\/revisions\/41"}],"wp:attachment":[{"href":"https:\/\/pentex.com.br\/loja\/wp-json\/wp\/v2\/media?parent=40"}],"curies":[{"name":"wp","href":"https:\/\/api.w.org\/{rel}","templated":true}]}}