{"id":11,"date":"2023-02-06T15:45:55","date_gmt":"2023-02-06T18:45:55","guid":{"rendered":"https:\/\/pentex.com.br\/loja\/?post_type=product&#038;p=11"},"modified":"2024-05-15T12:01:32","modified_gmt":"2024-05-15T15:01:32","slug":"esponja-de-aco-inox-caixa-100un","status":"publish","type":"product","link":"https:\/\/pentex.com.br\/loja\/produto\/esponja-de-aco-inox-caixa-100un\/","title":{"rendered":"Esponja de A\u00e7o Inox-Caixa 100un"},"content":{"rendered":"<p><strong>CAIXA COM 100 UNIDADES + UMA FITA EXPOSITORA<br \/>\nA Esponja de A\u00e7o Inox LIMPA + <\/strong>\u00e9 indicada para dar brilho em superf\u00edcies e em lou\u00e7as em geral, como panelas, formas, cubas de pia, toneiras e etc&#8230;<\/p>\n<p>Mais econ\u00f4mica;<br \/>\nDura mais;<br \/>\nN\u00e3o dissolve;<br \/>\nN\u00e3o retem germes;<br \/>\nN\u00e3o enferruja;<br \/>\nLimpa sem esfor\u00e7o!<\/p>\n<p><strong>Precau\u00e7\u00f5es:<\/strong>\u00a0evite o uso em superf\u00edcies polidas de baixa dureza.<br \/>\nN\u00e3o utilizar em locais por onde passe corrente el\u00e9trica!!!<\/p>\n","protected":false},"excerpt":{"rendered":"<p>Mais econ\u00f4mica;<br \/>\nDura mais;<br \/>\nN\u00e3o dissolve;<br \/>\nN\u00e3o retem germes;<br \/>\nN\u00e3o enferruja;<br \/>\nLimpa sem esfor\u00e7o!<\/p>\n<p><strong>Precau\u00e7\u00f5es:<\/strong>\u00a0evite o uso em superf\u00edcies polidas de baixa dureza.<br \/>\nN\u00e3o utilizar em locais por onde passe corrente el\u00e9trica!!!<\/p>\n","protected":false},"featured_media":12,"comment_status":"open","ping_status":"closed","template":"","meta":[],"product_brand":[],"product_cat":[19],"product_tag":[16],"class_list":{"0":"post-11","1":"product","2":"type-product","3":"status-publish","4":"has-post-thumbnail","6":"product_cat-esponja-inox","7":"product_tag-esponja-de-aco-inox","9":"first","10":"instock","11":"shipping-taxable","12":"purchasable","13":"product-type-simple"},"jetpack_sharing_enabled":true,"_links":{"self":[{"href":"https:\/\/pentex.com.br\/loja\/wp-json\/wp\/v2\/product\/11","targetHints":{"allow":["GET"]}}],"collection":[{"href":"https:\/\/pentex.com.br\/loja\/wp-json\/wp\/v2\/product"}],"about":[{"href":"https:\/\/pentex.com.br\/loja\/wp-json\/wp\/v2\/types\/product"}],"replies":[{"embeddable":true,"href":"https:\/\/pentex.com.br\/loja\/wp-json\/wp\/v2\/comments?post=11"}],"wp:featuredmedia":[{"embeddable":true,"href":"https:\/\/pentex.com.br\/loja\/wp-json\/wp\/v2\/media\/12"}],"wp:attachment":[{"href":"https:\/\/pentex.com.br\/loja\/wp-json\/wp\/v2\/media?parent=11"}],"wp:term":[{"taxonomy":"product_brand","embeddable":true,"href":"https:\/\/pentex.com.br\/loja\/wp-json\/wp\/v2\/product_brand?post=11"},{"taxonomy":"product_cat","embeddable":true,"href":"https:\/\/pentex.com.br\/loja\/wp-json\/wp\/v2\/product_cat?post=11"},{"taxonomy":"product_tag","embeddable":true,"href":"https:\/\/pentex.com.br\/loja\/wp-json\/wp\/v2\/product_tag?post=11"}],"curies":[{"name":"wp","href":"https:\/\/api.w.org\/{rel}","templated":true}]}}