{"id":44,"date":"2023-02-22T14:45:12","date_gmt":"2023-02-22T17:45:12","guid":{"rendered":"https:\/\/pentex.com.br\/loja\/?post_type=product&#038;p=44"},"modified":"2023-02-27T14:36:49","modified_gmt":"2023-02-27T17:36:49","slug":"__trashed","status":"publish","type":"product","link":"https:\/\/pentex.com.br\/loja\/produto\/__trashed\/","title":{"rendered":"Fita expositora"},"content":{"rendered":"<p><strong>Descri\u00e7\u00e3o<\/strong><\/p>\n<p>CARTELAS EM PL\u00c1STICO POLIPROPILENO<br \/>\nDIMENS\u00d5ES: 140mm X 65mm<br \/>\nESPESSURA: 1,6mm<br \/>\nCores dispon\u00edveis: preta e azul claro<\/p>\n<p>PARA FIXAR E EXPOR PE\u00c7AS E FERRAMENTAS DIVERSAS<\/p>\n","protected":false},"excerpt":{"rendered":"<p>Descri\u00e7\u00e3o CARTELAS EM PL\u00c1STICO POLIPROPILENO DIMENS\u00d5ES: 140mm X 65mm ESPESSURA: 1,6mm Cores dispon\u00edveis: preta e azul claro PARA FIXAR E EXPOR PE\u00c7AS E FERRAMENTAS DIVERSAS<\/p>\n","protected":false},"featured_media":74,"comment_status":"open","ping_status":"closed","template":"","meta":[],"product_brand":[],"product_cat":[15],"product_tag":[],"class_list":{"0":"post-44","1":"product","2":"type-product","3":"status-publish","4":"has-post-thumbnail","6":"product_cat-sem-categoria","8":"first","9":"outofstock","10":"shipping-taxable","11":"purchasable","12":"product-type-simple"},"jetpack_sharing_enabled":true,"_links":{"self":[{"href":"https:\/\/pentex.com.br\/loja\/wp-json\/wp\/v2\/product\/44","targetHints":{"allow":["GET"]}}],"collection":[{"href":"https:\/\/pentex.com.br\/loja\/wp-json\/wp\/v2\/product"}],"about":[{"href":"https:\/\/pentex.com.br\/loja\/wp-json\/wp\/v2\/types\/product"}],"replies":[{"embeddable":true,"href":"https:\/\/pentex.com.br\/loja\/wp-json\/wp\/v2\/comments?post=44"}],"wp:featuredmedia":[{"embeddable":true,"href":"https:\/\/pentex.com.br\/loja\/wp-json\/wp\/v2\/media\/74"}],"wp:attachment":[{"href":"https:\/\/pentex.com.br\/loja\/wp-json\/wp\/v2\/media?parent=44"}],"wp:term":[{"taxonomy":"product_brand","embeddable":true,"href":"https:\/\/pentex.com.br\/loja\/wp-json\/wp\/v2\/product_brand?post=44"},{"taxonomy":"product_cat","embeddable":true,"href":"https:\/\/pentex.com.br\/loja\/wp-json\/wp\/v2\/product_cat?post=44"},{"taxonomy":"product_tag","embeddable":true,"href":"https:\/\/pentex.com.br\/loja\/wp-json\/wp\/v2\/product_tag?post=44"}],"curies":[{"name":"wp","href":"https:\/\/api.w.org\/{rel}","templated":true}]}}