{"id":51,"date":"2023-02-15T08:48:57","date_gmt":"2023-02-15T11:48:57","guid":{"rendered":"https:\/\/pentex.com.br\/loja\/?post_type=product&#038;p=51"},"modified":"2024-05-15T11:43:47","modified_gmt":"2024-05-15T14:43:47","slug":"esponja-de-latao-caixa-com-200und","status":"publish","type":"product","link":"https:\/\/pentex.com.br\/loja\/produto\/esponja-de-latao-caixa-com-200und\/","title":{"rendered":"Esponja de Lat\u00e3o-Caixa com 200und"},"content":{"rendered":"<p><strong>CAIXA COM 200 UNIDADES + UMA FITA EXPOSITORA<br \/>\nA Esponja de Lat\u00e3o LIMPA +\u00a0<\/strong>\u00e9 indicada para dar brilho em superf\u00edcies e em lou\u00e7as em geral, como panelas, formas, cubas de pia, toneiras e etc\u2026<\/p>\n<p>Mais econ\u00f4mica;<br \/>\nDura mais;<br \/>\nN\u00e3o dissolve;<br \/>\nN\u00e3o retem germes;<br \/>\nLimpa sem esfor\u00e7o!<\/p>\n<p><strong>Precau\u00e7\u00f5es:<\/strong>\u00a0evite o uso em superf\u00edcies polidas de baixa dureza.<br \/>\nN\u00e3o utilizar em locais por onde passe corrente el\u00e9trica!!!<\/p>\n","protected":false},"excerpt":{"rendered":"<p>Mais econ\u00f4mica;<br \/>\nDura mais;<br \/>\nN\u00e3o dissolve;<br \/>\nN\u00e3o retem germes;<br \/>\nLimpa sem esfor\u00e7o!<\/p>\n<p><strong>Precau\u00e7\u00f5es:<\/strong>\u00a0evite o uso em superf\u00edcies polidas de baixa dureza.<br \/>\nN\u00e3o utilizar em locais por onde passe corrente el\u00e9trica!!!<\/p>\n","protected":false},"featured_media":14,"comment_status":"open","ping_status":"closed","template":"","meta":[],"product_brand":[],"product_cat":[20],"product_tag":[17],"class_list":{"0":"post-51","1":"product","2":"type-product","3":"status-publish","4":"has-post-thumbnail","6":"product_cat-esponja-latao","7":"product_tag-esponja-de-latao","9":"first","10":"instock","11":"shipping-taxable","12":"purchasable","13":"product-type-simple"},"jetpack_sharing_enabled":true,"_links":{"self":[{"href":"https:\/\/pentex.com.br\/loja\/wp-json\/wp\/v2\/product\/51","targetHints":{"allow":["GET"]}}],"collection":[{"href":"https:\/\/pentex.com.br\/loja\/wp-json\/wp\/v2\/product"}],"about":[{"href":"https:\/\/pentex.com.br\/loja\/wp-json\/wp\/v2\/types\/product"}],"replies":[{"embeddable":true,"href":"https:\/\/pentex.com.br\/loja\/wp-json\/wp\/v2\/comments?post=51"}],"wp:featuredmedia":[{"embeddable":true,"href":"https:\/\/pentex.com.br\/loja\/wp-json\/wp\/v2\/media\/14"}],"wp:attachment":[{"href":"https:\/\/pentex.com.br\/loja\/wp-json\/wp\/v2\/media?parent=51"}],"wp:term":[{"taxonomy":"product_brand","embeddable":true,"href":"https:\/\/pentex.com.br\/loja\/wp-json\/wp\/v2\/product_brand?post=51"},{"taxonomy":"product_cat","embeddable":true,"href":"https:\/\/pentex.com.br\/loja\/wp-json\/wp\/v2\/product_cat?post=51"},{"taxonomy":"product_tag","embeddable":true,"href":"https:\/\/pentex.com.br\/loja\/wp-json\/wp\/v2\/product_tag?post=51"}],"curies":[{"name":"wp","href":"https:\/\/api.w.org\/{rel}","templated":true}]}}