{"id":53,"date":"2023-02-15T08:57:39","date_gmt":"2023-02-15T11:57:39","guid":{"rendered":"https:\/\/pentex.com.br\/loja\/?post_type=product&#038;p=53"},"modified":"2024-05-15T11:35:25","modified_gmt":"2024-05-15T14:35:25","slug":"esponja-de-aco-inox-caixa-200-unidades","status":"publish","type":"product","link":"https:\/\/pentex.com.br\/loja\/produto\/esponja-de-aco-inox-caixa-200-unidades\/","title":{"rendered":"Esponja de A\u00e7o Inox &#8211; Caixa 200 unidades"},"content":{"rendered":"<h3><strong>CAIXA COM 200 UNIDADES + UMA FITA EXPOSITORA<\/strong><\/h3>\n<p><strong><br \/>\nA Esponja de A\u00e7o Inox LIMPA + <\/strong>\u00e9 indicada para dar brilho em superf\u00edcies e em lou\u00e7as em geral, como panelas, formas, cubas de pia, torneiras e etc&#8230;<\/p>\n<p>Mais econ\u00f4mica;<br \/>\nDura mais;<br \/>\nN\u00e3o dissolve;<br \/>\nN\u00e3o ret\u00e9m germes;<br \/>\nN\u00e3o enferruja;<br \/>\nLimpa sem esfor\u00e7o!<\/p>\n<p><strong>Precau\u00e7\u00f5es:<\/strong>\u00a0evite o uso em superf\u00edcies polidas de baixa dureza.<br \/>\nN\u00e3o utilizar em locais por onde passe corrente el\u00e9trica!!!<\/p>\n","protected":false},"excerpt":{"rendered":"<p><strong>A Esponja de A\u00e7o Inox LIMPA + <\/strong>\u00e9 indicada para dar brilho em superf\u00edcies e em lou\u00e7as em geral, como panelas, formas, cubas de pia, torneiras e etc&#8230;<\/p>\n","protected":false},"featured_media":12,"comment_status":"open","ping_status":"closed","template":"","meta":[],"product_brand":[],"product_cat":[19],"product_tag":[16],"class_list":{"0":"post-53","1":"product","2":"type-product","3":"status-publish","4":"has-post-thumbnail","6":"product_cat-esponja-inox","7":"product_tag-esponja-de-aco-inox","9":"first","10":"instock","11":"shipping-taxable","12":"purchasable","13":"product-type-simple"},"jetpack_sharing_enabled":true,"_links":{"self":[{"href":"https:\/\/pentex.com.br\/loja\/wp-json\/wp\/v2\/product\/53","targetHints":{"allow":["GET"]}}],"collection":[{"href":"https:\/\/pentex.com.br\/loja\/wp-json\/wp\/v2\/product"}],"about":[{"href":"https:\/\/pentex.com.br\/loja\/wp-json\/wp\/v2\/types\/product"}],"replies":[{"embeddable":true,"href":"https:\/\/pentex.com.br\/loja\/wp-json\/wp\/v2\/comments?post=53"}],"wp:featuredmedia":[{"embeddable":true,"href":"https:\/\/pentex.com.br\/loja\/wp-json\/wp\/v2\/media\/12"}],"wp:attachment":[{"href":"https:\/\/pentex.com.br\/loja\/wp-json\/wp\/v2\/media?parent=53"}],"wp:term":[{"taxonomy":"product_brand","embeddable":true,"href":"https:\/\/pentex.com.br\/loja\/wp-json\/wp\/v2\/product_brand?post=53"},{"taxonomy":"product_cat","embeddable":true,"href":"https:\/\/pentex.com.br\/loja\/wp-json\/wp\/v2\/product_cat?post=53"},{"taxonomy":"product_tag","embeddable":true,"href":"https:\/\/pentex.com.br\/loja\/wp-json\/wp\/v2\/product_tag?post=53"}],"curies":[{"name":"wp","href":"https:\/\/api.w.org\/{rel}","templated":true}]}}