{"id":99,"date":"2024-05-15T11:13:48","date_gmt":"2024-05-15T14:13:48","guid":{"rendered":"https:\/\/pentex.com.br\/loja\/?post_type=product&#038;p=99"},"modified":"2024-09-19T17:05:16","modified_gmt":"2024-09-19T20:05:16","slug":"bag-de-esponjas-inox-1-000unidades","status":"publish","type":"product","link":"https:\/\/pentex.com.br\/loja\/produto\/bag-de-esponjas-inox-1-000unidades\/","title":{"rendered":"Bag de Esponjas Inox &#8211; 1.000 unidades (SOB ENCOMENDA)"},"content":{"rendered":"<p>Bag de Esponjas Inox com 1.000 unidades.<\/p>\n<p><strong><em>Este Item \u00e9 vendido sob encomenda, entre em contato conosco para solicitar a\u00a0 compra.<\/em><\/strong><\/p>\n<p><strong>A Esponja de A\u00e7o Inox LIMPA +\u00a0<\/strong>\u00e9 indicada para dar brilho em superf\u00edcies e em lou\u00e7as em geral, como panelas, formas, cubas de pia, torneiras e etc\u2026<\/p>\n<p>&nbsp;<\/p>\n","protected":false},"excerpt":{"rendered":"[contact-form][contact-field label=\"Nome\" type=\"name\"  required=\"true\" \/][contact-field label=\"E-mail\" type=\"email\" required=\"true\" \/][contact-field label=\"Site\" type=\"url\" \/][contact-field label=\"Mensagem\" type=\"textarea\" \/][\/contact-form]\n<h4><strong><em>Este Item \u00e9 vendido sob encomenda, entre em contato conosco para solicitar a compra.<\/em><\/strong><\/h4>\n<p><strong>A Esponja de A\u00e7o Inox LIMPA +\u00a0<\/strong>\u00e9 indicada para dar brilho em superf\u00edcies e em lou\u00e7as em geral, como panelas, formas, cubas de pia, torneiras e etc\u2026<\/p>\n<p>Mais econ\u00f4mica;<br \/>\nDura mais;<br \/>\nN\u00e3o dissolve;<br \/>\nN\u00e3o ret\u00e9m germes;<br \/>\nN\u00e3o enferruja;<br \/>\nLimpa sem esfor\u00e7o!<\/p>\n<p><strong>Precau\u00e7\u00f5es:<\/strong>\u00a0evite o uso em superf\u00edcies polidas de baixa dureza.<br \/>\nN\u00e3o utilizar em locais por onde passe corrente el\u00e9ctrica!!!<\/p>\n","protected":false},"featured_media":100,"comment_status":"open","ping_status":"closed","template":"","meta":[],"product_brand":[],"product_cat":[19],"product_tag":[],"class_list":{"0":"post-99","1":"product","2":"type-product","3":"status-publish","4":"has-post-thumbnail","6":"product_cat-esponja-inox","8":"first","9":"outofstock","10":"shipping-taxable","11":"purchasable","12":"product-type-simple"},"jetpack_sharing_enabled":true,"_links":{"self":[{"href":"https:\/\/pentex.com.br\/loja\/wp-json\/wp\/v2\/product\/99","targetHints":{"allow":["GET"]}}],"collection":[{"href":"https:\/\/pentex.com.br\/loja\/wp-json\/wp\/v2\/product"}],"about":[{"href":"https:\/\/pentex.com.br\/loja\/wp-json\/wp\/v2\/types\/product"}],"replies":[{"embeddable":true,"href":"https:\/\/pentex.com.br\/loja\/wp-json\/wp\/v2\/comments?post=99"}],"wp:featuredmedia":[{"embeddable":true,"href":"https:\/\/pentex.com.br\/loja\/wp-json\/wp\/v2\/media\/100"}],"wp:attachment":[{"href":"https:\/\/pentex.com.br\/loja\/wp-json\/wp\/v2\/media?parent=99"}],"wp:term":[{"taxonomy":"product_brand","embeddable":true,"href":"https:\/\/pentex.com.br\/loja\/wp-json\/wp\/v2\/product_brand?post=99"},{"taxonomy":"product_cat","embeddable":true,"href":"https:\/\/pentex.com.br\/loja\/wp-json\/wp\/v2\/product_cat?post=99"},{"taxonomy":"product_tag","embeddable":true,"href":"https:\/\/pentex.com.br\/loja\/wp-json\/wp\/v2\/product_tag?post=99"}],"curies":[{"name":"wp","href":"https:\/\/api.w.org\/{rel}","templated":true}]}}